{"id":513,"date":"2018-04-21T07:16:25","date_gmt":"2018-04-21T07:16:25","guid":{"rendered":"http:\/\/www.mntk.es\/bike\/?page_id=513"},"modified":"2018-04-21T07:16:25","modified_gmt":"2018-04-21T07:16:25","slug":"el-espiritu-manteka","status":"publish","type":"page","link":"https:\/\/www.mntk.es\/bike\/el-espiritu-manteka\/","title":{"rendered":"El esp\u00edritu manteka"},"content":{"rendered":"<h2 class=\"title\">El Esp\u00edritu Manteka<\/h2>\n<div class=\"widget-content\">\n<p>El Club Deportivo Manteka nace de la amistad y de la pasi\u00f3n por la naturaleza y el deporte. Surge como espacio de encuentro, a veces el deporte es s\u00f3lo un pretexto, de buenas personas con planteamientos vitales parecidos. Nuestro v\u00ednculo inicial fue la bicicleta de monta\u00f1a, aunque pronto descubrimos nuevos \u00abhorizontes\u00bb; senderismo, orientaci\u00f3n, carrera, du y triathlon, etc.<\/p>\n<p>Durante estos a\u00f1os, el C.D. Manteka ha ido creciendo y enriqueci\u00e9ndose gracias, principalmente, al encuentro con otros clubes, entidades y personas con fines parecidos. Pero sobre todo, nuestro mayor logro durante el tiempo transcurrido, ha sido consolidar nuestra amistad.<\/p>\n<p>Defendemos el \u00abEsp\u00edritu Manteka\u00bb, como aquel esfuerzo personal que se encamina a ayudar al otro. Por muy diversos motivos, sabemos que somos personas privilegiadas, de ah\u00ed que desde el Manteka, nos ofrezcamos para aquello que, en la l\u00ednea de nuestros principios, pod\u00e1is necesitar; desde compartir rutas e informaciones, hasta realizar colaboraciones en eventos, pasando por la organizaci\u00f3n y participaci\u00f3n en pruebas, etc.<\/p>\n<p>En la confianza de saber que pronto nos encontraremos en los caminos, recibid un afectuoso saludo.<\/p>\n<\/div>\n","protected":false},"excerpt":{"rendered":"<p>El Esp\u00edritu Manteka El Club Deportivo Manteka nace de la amistad y de la pasi\u00f3n por la naturaleza y el deporte. Surge como espacio de encuentro, a veces el deporte es s\u00f3lo un pretexto,&#46;&#46;&#46;<\/p>\n","protected":false},"author":3,"featured_media":0,"parent":0,"menu_order":0,"comment_status":"closed","ping_status":"closed","template":"","meta":{"footnotes":""},"class_list":["post-513","page","type-page","status-publish","hentry"],"_links":{"self":[{"href":"https:\/\/www.mntk.es\/bike\/wp-json\/wp\/v2\/pages\/513","targetHints":{"allow":["GET"]}}],"collection":[{"href":"https:\/\/www.mntk.es\/bike\/wp-json\/wp\/v2\/pages"}],"about":[{"href":"https:\/\/www.mntk.es\/bike\/wp-json\/wp\/v2\/types\/page"}],"author":[{"embeddable":true,"href":"https:\/\/www.mntk.es\/bike\/wp-json\/wp\/v2\/users\/3"}],"replies":[{"embeddable":true,"href":"https:\/\/www.mntk.es\/bike\/wp-json\/wp\/v2\/comments?post=513"}],"version-history":[{"count":2,"href":"https:\/\/www.mntk.es\/bike\/wp-json\/wp\/v2\/pages\/513\/revisions"}],"predecessor-version":[{"id":859,"href":"https:\/\/www.mntk.es\/bike\/wp-json\/wp\/v2\/pages\/513\/revisions\/859"}],"wp:attachment":[{"href":"https:\/\/www.mntk.es\/bike\/wp-json\/wp\/v2\/media?parent=513"}],"curies":[{"name":"wp","href":"https:\/\/api.w.org\/{rel}","templated":true}]}}