{"id":6778,"date":"2020-03-01T14:48:47","date_gmt":"2020-03-01T13:48:47","guid":{"rendered":"https:\/\/www.mntk.es\/bike\/?page_id=6778"},"modified":"2020-06-03T12:53:33","modified_gmt":"2020-06-03T10:53:33","slug":"historia-del-ciclismo-30-anos","status":"publish","type":"page","link":"https:\/\/www.mntk.es\/bike\/historia-del-ciclismo-30-anos\/","title":{"rendered":"Historia del ciclismo 30 a\u00f1os"},"content":{"rendered":"\n<p class=\"has-medium-font-size\"><strong>Introducci\u00f3n<\/strong><\/p>\n\n\n\n<figure class=\"wp-block-image size-large\"><img loading=\"lazy\" decoding=\"async\" width=\"1024\" height=\"768\" src=\"https:\/\/www.mntk.es\/bike\/wp-content\/uploads\/2020\/05\/150_5053.jpg\" alt=\"\" class=\"wp-image-7086\" srcset=\"https:\/\/www.mntk.es\/bike\/wp-content\/uploads\/2020\/05\/150_5053.jpg 1024w, https:\/\/www.mntk.es\/bike\/wp-content\/uploads\/2020\/05\/150_5053-300x225.jpg 300w, https:\/\/www.mntk.es\/bike\/wp-content\/uploads\/2020\/05\/150_5053-768x576.jpg 768w\" sizes=\"auto, (max-width: 1024px) 100vw, 1024px\" \/><\/figure>\n\n\n\n<p>Han pasado 30 a\u00f1os desde que algunos de los miembros de este grupo se unieron en la andadura de una de las etapas m\u00e1s hermosas y gratificantes en el historia del ciclismo entre amigos.<\/p>\n\n\n\n<p>All\u00e1 por 1990 un peque\u00f1o grupo comenz\u00f3 con gran impetu en el uso de las novedosas bicicletas de todo terreno o montain bike (MTB) como se las suele llamar.<\/p>\n\n\n\n<p>Os vamos a mostrar una colecci\u00f3n de \u00e1bumes desde las etapas m\u00e1s antiguas hasta las m\u00e1s recientes gracias a las Galer\u00edas de Domingo Clavijo precursor en el ciclismo MTB y las galer\u00edas de JM en las etapas del Bikejerez y nuestro gran grupo Manteka (MNTK) desde sus comienzos.<\/p>\n\n\n\n<p class=\"has-medium-font-size\"><strong>Galer\u00edas de Domingo.<\/strong><\/p>\n\n\n\n<figure class=\"wp-block-image size-large\"><img loading=\"lazy\" decoding=\"async\" width=\"1024\" height=\"819\" src=\"https:\/\/www.mntk.es\/bike\/wp-content\/uploads\/2020\/05\/0716_0004-1024x819.jpg\" alt=\"\" class=\"wp-image-7080\" srcset=\"https:\/\/www.mntk.es\/bike\/wp-content\/uploads\/2020\/05\/0716_0004-1024x819.jpg 1024w, https:\/\/www.mntk.es\/bike\/wp-content\/uploads\/2020\/05\/0716_0004-300x240.jpg 300w, https:\/\/www.mntk.es\/bike\/wp-content\/uploads\/2020\/05\/0716_0004-768x614.jpg 768w, https:\/\/www.mntk.es\/bike\/wp-content\/uploads\/2020\/05\/0716_0004.jpg 1280w\" sizes=\"auto, (max-width: 1024px) 100vw, 1024px\" \/><\/figure>\n\n\n\n<ul class=\"wp-block-list\"><li>Nuestra historia BTT \u00abLos Comienzos\u00bb<\/li><\/ul>\n\n\n\n<figure class=\"wp-block-image size-large\"><img loading=\"lazy\" decoding=\"async\" width=\"1024\" height=\"768\" src=\"https:\/\/www.mntk.es\/bike\/wp-content\/uploads\/2020\/05\/IMG_0660-1024x768.jpg\" alt=\"\" class=\"wp-image-7084\" srcset=\"https:\/\/www.mntk.es\/bike\/wp-content\/uploads\/2020\/05\/IMG_0660-1024x768.jpg 1024w, https:\/\/www.mntk.es\/bike\/wp-content\/uploads\/2020\/05\/IMG_0660-300x225.jpg 300w, https:\/\/www.mntk.es\/bike\/wp-content\/uploads\/2020\/05\/IMG_0660-768x576.jpg 768w, https:\/\/www.mntk.es\/bike\/wp-content\/uploads\/2020\/05\/IMG_0660-1536x1152.jpg 1536w, https:\/\/www.mntk.es\/bike\/wp-content\/uploads\/2020\/05\/IMG_0660.jpg 1600w\" sizes=\"auto, (max-width: 1024px) 100vw, 1024px\" \/><\/figure>\n\n\n\n<ul class=\"wp-block-list\"><li>Nuestras rutas.<\/li><\/ul>\n\n\n\n<p class=\"has-medium-font-size\"><strong>Galer\u00edas de JM.<\/strong><\/p>\n\n\n\n<figure class=\"wp-block-image size-large\"><img loading=\"lazy\" decoding=\"async\" width=\"1024\" height=\"768\" src=\"https:\/\/www.mntk.es\/bike\/wp-content\/uploads\/2020\/05\/DSCN2246-1024x768.jpg\" alt=\"\" class=\"wp-image-7092\" srcset=\"https:\/\/www.mntk.es\/bike\/wp-content\/uploads\/2020\/05\/DSCN2246-1024x768.jpg 1024w, https:\/\/www.mntk.es\/bike\/wp-content\/uploads\/2020\/05\/DSCN2246-300x225.jpg 300w, https:\/\/www.mntk.es\/bike\/wp-content\/uploads\/2020\/05\/DSCN2246-768x576.jpg 768w, https:\/\/www.mntk.es\/bike\/wp-content\/uploads\/2020\/05\/DSCN2246-1536x1152.jpg 1536w, https:\/\/www.mntk.es\/bike\/wp-content\/uploads\/2020\/05\/DSCN2246.jpg 1600w\" sizes=\"auto, (max-width: 1024px) 100vw, 1024px\" \/><\/figure>\n\n\n\n<ul class=\"wp-block-list\"><li><a href=\"https:\/\/www.mntk.es\/bike\/josemaria-bike-fotos\/\">Galerias Jos\u00e9 Mar\u00eda Bike I: \u00abLos Primeros pasos con Bike Jerez\u00bb<\/a><\/li><\/ul>\n\n\n\n<figure class=\"wp-block-image size-large\"><img loading=\"lazy\" decoding=\"async\" width=\"1024\" height=\"768\" src=\"https:\/\/www.mntk.es\/bike\/wp-content\/uploads\/2020\/05\/DSCN2095-1024x768.jpg\" alt=\"\" class=\"wp-image-7096\" srcset=\"https:\/\/www.mntk.es\/bike\/wp-content\/uploads\/2020\/05\/DSCN2095-1024x768.jpg 1024w, https:\/\/www.mntk.es\/bike\/wp-content\/uploads\/2020\/05\/DSCN2095-300x225.jpg 300w, https:\/\/www.mntk.es\/bike\/wp-content\/uploads\/2020\/05\/DSCN2095-768x576.jpg 768w, https:\/\/www.mntk.es\/bike\/wp-content\/uploads\/2020\/05\/DSCN2095-1536x1152.jpg 1536w, https:\/\/www.mntk.es\/bike\/wp-content\/uploads\/2020\/05\/DSCN2095.jpg 1600w\" sizes=\"auto, (max-width: 1024px) 100vw, 1024px\" \/><\/figure>\n\n\n\n<ul class=\"wp-block-list\"><li>Galer\u00eda Jos\u00e9 Mar\u00eda Bike II \u00abLos comienzos del \u00abC.D. Manteka\u00bb<\/li><\/ul>\n\n\n\n<figure class=\"wp-block-image size-large\"><img loading=\"lazy\" decoding=\"async\" width=\"1024\" height=\"768\" src=\"https:\/\/www.mntk.es\/bike\/wp-content\/uploads\/2020\/05\/DSCN0796-1024x768.jpg\" alt=\"\" class=\"wp-image-7094\" srcset=\"https:\/\/www.mntk.es\/bike\/wp-content\/uploads\/2020\/05\/DSCN0796-1024x768.jpg 1024w, https:\/\/www.mntk.es\/bike\/wp-content\/uploads\/2020\/05\/DSCN0796-300x225.jpg 300w, https:\/\/www.mntk.es\/bike\/wp-content\/uploads\/2020\/05\/DSCN0796-768x576.jpg 768w, https:\/\/www.mntk.es\/bike\/wp-content\/uploads\/2020\/05\/DSCN0796-1536x1152.jpg 1536w, https:\/\/www.mntk.es\/bike\/wp-content\/uploads\/2020\/05\/DSCN0796-2048x1536.jpg 2048w\" sizes=\"auto, (max-width: 1024px) 100vw, 1024px\" \/><\/figure>\n\n\n\n<ul class=\"wp-block-list\"><li>Galer\u00eda Jos\u00e9 Mar\u00eda Bike III \u00abLa andadura de las primeras salidas r2\u00bb<\/li><\/ul>\n\n\n\n<figure class=\"wp-block-image size-large\"><img loading=\"lazy\" decoding=\"async\" width=\"800\" height=\"600\" src=\"https:\/\/www.mntk.es\/bike\/wp-content\/uploads\/2020\/05\/IMG_0989.jpg\" alt=\"\" class=\"wp-image-7098\" srcset=\"https:\/\/www.mntk.es\/bike\/wp-content\/uploads\/2020\/05\/IMG_0989.jpg 800w, https:\/\/www.mntk.es\/bike\/wp-content\/uploads\/2020\/05\/IMG_0989-300x225.jpg 300w, https:\/\/www.mntk.es\/bike\/wp-content\/uploads\/2020\/05\/IMG_0989-768x576.jpg 768w\" sizes=\"auto, (max-width: 800px) 100vw, 800px\" \/><\/figure>\n\n\n\n<ul class=\"wp-block-list\"><li>Galer\u00eda Manteka \u00abLas grandes pruebas y las actividades solidarias del C.D. Manteka\u00bb<\/li><\/ul>\n\n\n\n<p>Son muchas fotos pero seguro que entre ellas encontr\u00e1is alg\u00fan lugar o recuerdo que seguro os vendr\u00e1 a la mente, de aquellas rutas que siempre est\u00e1n y estar\u00e1n con nosotros por mucho tiempo que pase o vaya a pasar.<\/p>\n\n\n\n<p>Esperamos que os guste y disfrut\u00e9is mucho de aquellos \u00e1lbumes o historias que m\u00e1s o interese o llame vuestra atenci\u00f3n.<\/p>\n\n\n\n<p>Los autores.<\/p>\n","protected":false},"excerpt":{"rendered":"<p>Introducci\u00f3n Han pasado 30 a\u00f1os desde que algunos de los miembros de este grupo se unieron en la andadura de una de las etapas m\u00e1s hermosas y gratificantes en el historia del ciclismo entre&#46;&#46;&#46;<\/p>\n","protected":false},"author":2,"featured_media":0,"parent":0,"menu_order":0,"comment_status":"closed","ping_status":"closed","template":"","meta":{"footnotes":""},"class_list":["post-6778","page","type-page","status-publish","hentry"],"_links":{"self":[{"href":"https:\/\/www.mntk.es\/bike\/wp-json\/wp\/v2\/pages\/6778","targetHints":{"allow":["GET"]}}],"collection":[{"href":"https:\/\/www.mntk.es\/bike\/wp-json\/wp\/v2\/pages"}],"about":[{"href":"https:\/\/www.mntk.es\/bike\/wp-json\/wp\/v2\/types\/page"}],"author":[{"embeddable":true,"href":"https:\/\/www.mntk.es\/bike\/wp-json\/wp\/v2\/users\/2"}],"replies":[{"embeddable":true,"href":"https:\/\/www.mntk.es\/bike\/wp-json\/wp\/v2\/comments?post=6778"}],"version-history":[{"count":50,"href":"https:\/\/www.mntk.es\/bike\/wp-json\/wp\/v2\/pages\/6778\/revisions"}],"predecessor-version":[{"id":7326,"href":"https:\/\/www.mntk.es\/bike\/wp-json\/wp\/v2\/pages\/6778\/revisions\/7326"}],"wp:attachment":[{"href":"https:\/\/www.mntk.es\/bike\/wp-json\/wp\/v2\/media?parent=6778"}],"curies":[{"name":"wp","href":"https:\/\/api.w.org\/{rel}","templated":true}]}}